{"id":2761,"date":"2021-12-22T14:27:55","date_gmt":"2021-12-22T13:27:55","guid":{"rendered":"https:\/\/www.campingauvergne.com\/campingplan\/"},"modified":"2025-07-01T16:50:45","modified_gmt":"2025-07-01T14:50:45","slug":"campingplan","status":"publish","type":"page","link":"https:\/\/www.campingauvergne.com\/de\/campingplan\/","title":{"rendered":"Campingplan"},"content":{"rendered":"[vc_row type=&#8221;in_container&#8221; full_screen_row_position=&#8221;middle&#8221; column_margin=&#8221;default&#8221; column_direction=&#8221;default&#8221; column_direction_tablet=&#8221;default&#8221; column_direction_phone=&#8221;default&#8221; scene_position=&#8221;center&#8221; text_color=&#8221;dark&#8221; text_align=&#8221;left&#8221; row_border_radius=&#8221;none&#8221; row_border_radius_applies=&#8221;bg&#8221; overflow=&#8221;visible&#8221; overlay_strength=&#8221;0.3&#8243; gradient_direction=&#8221;left_to_right&#8221; shape_divider_position=&#8221;bottom&#8221; bg_image_animation=&#8221;none&#8221;][vc_column column_padding=&#8221;no-extra-padding&#8221; column_padding_tablet=&#8221;inherit&#8221; column_padding_phone=&#8221;inherit&#8221; column_padding_position=&#8221;all&#8221; column_element_direction_desktop=&#8221;default&#8221; column_element_spacing=&#8221;default&#8221; desktop_text_alignment=&#8221;default&#8221; tablet_text_alignment=&#8221;default&#8221; phone_text_alignment=&#8221;default&#8221; background_color_opacity=&#8221;1&#8243; background_hover_color_opacity=&#8221;1&#8243; column_backdrop_filter=&#8221;none&#8221; column_shadow=&#8221;none&#8221; column_border_radius=&#8221;none&#8221; column_link_target=&#8221;_self&#8221; column_position=&#8221;default&#8221; gradient_direction=&#8221;left_to_right&#8221; overlay_strength=&#8221;0.3&#8243; width=&#8221;1\/1&#8243; tablet_width_inherit=&#8221;default&#8221; animation_type=&#8221;default&#8221; bg_image_animation=&#8221;none&#8221; border_type=&#8221;simple&#8221; column_border_width=&#8221;none&#8221; column_border_style=&#8221;solid&#8221;][vc_column_text]<span class=\"VIiyi\" lang=\"de\"><span class=\"JLqJ4b ChMk0b\" data-language-for-alternatives=\"de\" data-language-to-translate-into=\"fr\" data-phrase-index=\"0\" data-number-of-phrases=\"1\">Hier ist der Plan des Campingplatzes (nicht vertraglich), damit Sie unsere Cottages, Stellpl\u00e4tze und Infrastrukturen visualisieren k\u00f6nnen.<\/span><\/span>[\/vc_column_text][image_with_animation image_url=&#8221;7228&#8243; image_size=&#8221;full&#8221; animation_type=&#8221;entrance&#8221; animation=&#8221;Fade In&#8221; animation_easing=&#8221;default&#8221; animation_movement_type=&#8221;transform_y&#8221; hover_animation=&#8221;none&#8221; alignment=&#8221;center&#8221; img_link_large=&#8221;yes&#8221; border_radius=&#8221;none&#8221; box_shadow=&#8221;none&#8221; image_loading=&#8221;default&#8221; max_width=&#8221;100%&#8221; max_width_mobile=&#8221;default&#8221;][vc_column_text]\n<p style=\"text-align: center;\">Au\u00dfervertraglicher Plan<\/p>\n[\/vc_column_text][\/vc_column][\/vc_row][vc_row type=&#8221;in_container&#8221; full_screen_row_position=&#8221;middle&#8221; column_margin=&#8221;default&#8221; column_direction=&#8221;default&#8221; column_direction_tablet=&#8221;default&#8221; column_direction_phone=&#8221;default&#8221; scene_position=&#8221;center&#8221; text_color=&#8221;dark&#8221; text_align=&#8221;left&#8221; row_border_radius=&#8221;none&#8221; row_border_radius_applies=&#8221;bg&#8221; overflow=&#8221;visible&#8221; overlay_strength=&#8221;0.3&#8243; gradient_direction=&#8221;left_to_right&#8221; shape_divider_position=&#8221;bottom&#8221; bg_image_animation=&#8221;none&#8221;][vc_column column_padding=&#8221;no-extra-padding&#8221; column_padding_tablet=&#8221;inherit&#8221; column_padding_phone=&#8221;inherit&#8221; column_padding_position=&#8221;all&#8221; column_element_direction_desktop=&#8221;default&#8221; column_element_spacing=&#8221;default&#8221; desktop_text_alignment=&#8221;default&#8221; tablet_text_alignment=&#8221;default&#8221; phone_text_alignment=&#8221;default&#8221; background_color_opacity=&#8221;1&#8243; background_hover_color_opacity=&#8221;1&#8243; column_backdrop_filter=&#8221;none&#8221; column_shadow=&#8221;none&#8221; column_border_radius=&#8221;none&#8221; column_link_target=&#8221;_self&#8221; column_position=&#8221;default&#8221; gradient_direction=&#8221;left_to_right&#8221; overlay_strength=&#8221;0.3&#8243; width=&#8221;1\/1&#8243; tablet_width_inherit=&#8221;default&#8221; animation_type=&#8221;default&#8221; bg_image_animation=&#8221;none&#8221; border_type=&#8221;simple&#8221; column_border_width=&#8221;none&#8221; column_border_style=&#8221;solid&#8221;][vc_column_text]\n<p style=\"text-align: justify;\"><span class=\"VIiyi\" lang=\"de\"><span class=\"JLqJ4b ChMk0b\" data-language-for-alternatives=\"de\" data-language-to-translate-into=\"fr\" data-phrase-index=\"0\" data-number-of-phrases=\"1\">M\u00f6chten Sie eine bestimmte Nummer sperren, w\u00e4hlen Sie mehrere Stellpl\u00e4tze oder Ferienh\u00e4user nebeneinander, es ist m\u00f6glich!*<\/span><\/span><\/p>\n<p style=\"text-align: justify;\"><span class=\"VIiyi\" lang=\"de\"><span class=\"JLqJ4b ChMk0b\" data-language-for-alternatives=\"de\" data-language-to-translate-into=\"fr\" data-phrase-index=\"0\" data-number-of-phrases=\"1\">Es wird eine Geb\u00fchr von 40&nbsp;\u20ac erhoben, und auf diese Weise sind Sie garantiert in der Unterkunft IHRER Wahl.<\/span><\/span><br \/>\n<em>*<span class=\"VIiyi\" lang=\"de\"><span class=\"JLqJ4b ChMk0b\" data-language-for-alternatives=\"de\" data-language-to-translate-into=\"fr\" data-phrase-index=\"0\" data-number-of-phrases=\"1\">Je nach Verf\u00fcgbarkeit.<\/span><\/span> <\/em><\/p>\n<p style=\"text-align: justify;\"><span class=\"VIiyi\" lang=\"de\"><span class=\"JLqJ4b ChMk0b\" data-language-for-alternatives=\"de\" data-language-to-translate-into=\"fr\" data-phrase-index=\"0\" data-number-of-phrases=\"2\">Information: Im Sommer, im Juli und August, ist das 4-Blumen-Cottage f\u00fcr 6 Personen mit 3 Schlafzimmern (in Blau) in zwei Angeboten verf\u00fcgbar, Zen oder Evasion.<\/span> <span class=\"JLqJ4b ChMk0b\" data-language-for-alternatives=\"de\" data-language-to-translate-into=\"fr\" data-phrase-index=\"1\" data-number-of-phrases=\"2\">Um Ihnen zu helfen, den Plan zu entdecken, finden Sie hier einige Informationen, die Ihnen helfen:<\/span><\/span><\/p>\n<ul>\n<li style=\"text-align: justify;\"><span class=\"VIiyi\" lang=\"de\"><span class=\"JLqJ4b ChMk0b\" data-language-for-alternatives=\"de\" data-language-to-translate-into=\"fr\" data-phrase-index=\"0\" data-number-of-phrases=\"1\">ZEN-Angebot (Spa kostenlos f\u00fcr alle \u00fcber 16): All\u00e9e du Sancy<\/span><\/span><\/li>\n<li style=\"text-align: justify;\"><span class=\"VIiyi\" lang=\"de\"><span class=\"JLqJ4b ChMk0b\" data-language-for-alternatives=\"de\" data-language-to-translate-into=\"fr\" data-phrase-index=\"0\" data-number-of-phrases=\"1\">EVASION-Angebot (2 nautische Aktivit\u00e4ten angeboten): All\u00e9e des Sapins Bleus<\/span><\/span><\/li>\n<\/ul>\n[\/vc_column_text][\/vc_column][\/vc_row]\n","protected":false},"excerpt":{"rendered":"<p>[vc_row type=&#8221;in_container&#8221; full_screen_row_position=&#8221;middle&#8221; column_margin=&#8221;default&#8221; column_direction=&#8221;default&#8221; column_direction_tablet=&#8221;default&#8221; column_direction_phone=&#8221;default&#8221; scene_position=&#8221;center&#8221; text_color=&#8221;dark&#8221; text_align=&#8221;left&#8221; row_border_radius=&#8221;none&#8221; row_border_radius_applies=&#8221;bg&#8221; overflow=&#8221;visible&#8221; overlay_strength=&#8221;0.3&#8243; gradient_direction=&#8221;left_to_right&#8221; shape_divider_position=&#8221;bottom&#8221; bg_image_animation=&#8221;none&#8221;][vc_column column_padding=&#8221;no-extra-padding&#8221; column_padding_tablet=&#8221;inherit&#8221; column_padding_phone=&#8221;inherit&#8221; column_padding_position=&#8221;all&#8221; column_element_direction_desktop=&#8221;default&#8221; column_element_spacing=&#8221;default&#8221; desktop_text_alignment=&#8221;default&#8221; tablet_text_alignment=&#8221;default&#8221; phone_text_alignment=&#8221;default&#8221; background_color_opacity=&#8221;1&#8243; background_hover_color_opacity=&#8221;1&#8243; column_backdrop_filter=&#8221;none&#8221; column_shadow=&#8221;none&#8221;&#8230;<\/p>\n","protected":false},"author":5,"featured_media":2766,"parent":0,"menu_order":72,"comment_status":"closed","ping_status":"closed","template":"","meta":{"inline_featured_image":false,"footnotes":""},"class_list":["post-2761","page","type-page","status-publish","has-post-thumbnail"],"aioseo_notices":[],"_links":{"self":[{"href":"https:\/\/www.campingauvergne.com\/de\/wp-json\/wp\/v2\/pages\/2761","targetHints":{"allow":["GET"]}}],"collection":[{"href":"https:\/\/www.campingauvergne.com\/de\/wp-json\/wp\/v2\/pages"}],"about":[{"href":"https:\/\/www.campingauvergne.com\/de\/wp-json\/wp\/v2\/types\/page"}],"author":[{"embeddable":true,"href":"https:\/\/www.campingauvergne.com\/de\/wp-json\/wp\/v2\/users\/5"}],"replies":[{"embeddable":true,"href":"https:\/\/www.campingauvergne.com\/de\/wp-json\/wp\/v2\/comments?post=2761"}],"version-history":[{"count":0,"href":"https:\/\/www.campingauvergne.com\/de\/wp-json\/wp\/v2\/pages\/2761\/revisions"}],"wp:featuredmedia":[{"embeddable":true,"href":"https:\/\/www.campingauvergne.com\/de\/wp-json\/wp\/v2\/media\/2766"}],"wp:attachment":[{"href":"https:\/\/www.campingauvergne.com\/de\/wp-json\/wp\/v2\/media?parent=2761"}],"curies":[{"name":"wp","href":"https:\/\/api.w.org\/{rel}","templated":true}]}}